{"id":1909,"date":"2023-07-24T08:08:44","date_gmt":"2023-07-24T08:08:44","guid":{"rendered":"https:\/\/themeholy.com\/wordpress\/edura\/?post_type=product&#038;p=1909"},"modified":"2026-01-31T00:12:26","modified_gmt":"2026-01-31T06:12:26","slug":"apapacho-club","status":"publish","type":"product","link":"https:\/\/paulinalugos.com\/en\/product\/apapacho-club\/","title":{"rendered":"Apapacho Club"},"content":{"rendered":"<p>\u00a1Apapacho Club es un espacio en el cual podr\u00e1s encontrar la comunidad y acompa\u00f1amiento ideal para seguir caminando hacia tu mejor versi\u00f3n! Descubre la nueva t\u00fa que est\u00e1 a punto de salir con clases astrol\u00f3gicas semanales, clima astrol\u00f3gico, entrevista con expertos, un Book club super enriquecedor, meditaci\u00f3n exclusivas y mucho m\u00e1s.<\/p>","protected":false},"excerpt":{"rendered":"<p>\u00a1Apapacho Club es un espacio en el cual podr\u00e1s encontrar la comunidad y acompa\u00f1amiento ideal para seguir caminando hacia tu&#8230;<\/p>","protected":false},"featured_media":1926,"comment_status":"open","ping_status":"closed","template":"","meta":[],"product_brand":[],"product_cat":[36],"product_tag":[35],"class_list":{"0":"post-1909","1":"product","2":"type-product","3":"status-publish","4":"has-post-thumbnail","6":"product_cat-edura","7":"product_tag-edura","9":"first","10":"instock","11":"sale","12":"shipping-taxable","13":"purchasable","14":"product-type-simple"},"_links":{"self":[{"href":"https:\/\/paulinalugos.com\/en\/wp-json\/wp\/v2\/product\/1909","targetHints":{"allow":["GET"]}}],"collection":[{"href":"https:\/\/paulinalugos.com\/en\/wp-json\/wp\/v2\/product"}],"about":[{"href":"https:\/\/paulinalugos.com\/en\/wp-json\/wp\/v2\/types\/product"}],"replies":[{"embeddable":true,"href":"https:\/\/paulinalugos.com\/en\/wp-json\/wp\/v2\/comments?post=1909"}],"wp:featuredmedia":[{"embeddable":true,"href":"https:\/\/paulinalugos.com\/en\/wp-json\/wp\/v2\/media\/1926"}],"wp:attachment":[{"href":"https:\/\/paulinalugos.com\/en\/wp-json\/wp\/v2\/media?parent=1909"}],"wp:term":[{"taxonomy":"product_brand","embeddable":true,"href":"https:\/\/paulinalugos.com\/en\/wp-json\/wp\/v2\/product_brand?post=1909"},{"taxonomy":"product_cat","embeddable":true,"href":"https:\/\/paulinalugos.com\/en\/wp-json\/wp\/v2\/product_cat?post=1909"},{"taxonomy":"product_tag","embeddable":true,"href":"https:\/\/paulinalugos.com\/en\/wp-json\/wp\/v2\/product_tag?post=1909"}],"curies":[{"name":"wp","href":"https:\/\/api.w.org\/{rel}","templated":true}]}}