{"id":388,"date":"2023-07-16T02:14:35","date_gmt":"2023-07-16T02:14:35","guid":{"rendered":"https:\/\/themeholy.com\/wordpress\/edura\/?page_id=388"},"modified":"2026-01-14T10:12:13","modified_gmt":"2026-01-14T16:12:13","slug":"paulinalugos","status":"publish","type":"page","link":"https:\/\/paulinalugos.com\/en\/paulinalugos\/","title":{"rendered":"Paulina Lugos"},"content":{"rendered":"<div data-elementor-type=\"wp-page\" data-elementor-id=\"388\" class=\"elementor elementor-388\">\n\t\t\t\t\t\t<section class=\"elementor-section elementor-top-section elementor-element elementor-element-940198e elementor-section-full_width elementor-section-height-default elementor-section-height-default\" data-id=\"940198e\" data-element_type=\"section\" data-e-type=\"section\" data-settings=\"{&quot;background_background&quot;:&quot;classic&quot;}\">\n\t\t\t\t\t\t<div class=\"elementor-container elementor-column-gap-no\">\n\t\t\t\t\t<div class=\"elementor-column elementor-col-100 elementor-top-column elementor-element elementor-element-6b84c09\" data-id=\"6b84c09\" data-element_type=\"column\" data-e-type=\"column\">\n\t\t\t<div class=\"elementor-widget-wrap elementor-element-populated\">\n\t\t\t\t\t\t<section class=\"elementor-section elementor-inner-section elementor-element elementor-element-3aa2bb8 elementor-section-boxed elementor-section-height-default elementor-section-height-default\" data-id=\"3aa2bb8\" data-element_type=\"section\" data-e-type=\"section\">\n\t\t\t\t\t\t<div class=\"elementor-container elementor-column-gap-no\">\n\t\t\t\t\t<div class=\"elementor-column elementor-col-50 elementor-inner-column elementor-element elementor-element-1152bc8\" data-id=\"1152bc8\" data-element_type=\"column\" data-e-type=\"column\">\n\t\t\t<div class=\"elementor-widget-wrap elementor-element-populated\">\n\t\t\t\t\r\n\r\n\t\t<div class=\"elementor-element elementor-element-226f5b8 elementor-widget elementor-widget-acaduimage\" data-id=\"226f5b8\" data-element_type=\"widget\" data-e-type=\"widget\" data-widget_type=\"acaduimage.default\">\n\t\t\t\t<div class=\"elementor-widget-container\">\n\t\t\t\t\t<!-- Image --><div class=\"ad_img  img-box7 tilt-active\"><img decoding=\"async\" class=\"w-100\" src=\"https:\/\/paulinalugos.com\/wp-content\/uploads\/2024\/07\/header_440x550px.jpg\" alt=\"header_440x550px\" ><\/div><!-- End Image -->\t\t\t\t<\/div>\n\t\t\t\t<\/div>\n\t\t\t\t\t<\/div>\n\t\t<\/div>\n\t\t\t\t<div class=\"elementor-column elementor-col-50 elementor-inner-column elementor-element elementor-element-6f657f5\" data-id=\"6f657f5\" data-element_type=\"column\" data-e-type=\"column\">\n\t\t\t<div class=\"elementor-widget-wrap elementor-element-populated\">\n\t\t\t\t\t\t<div class=\"elementor-element elementor-element-abfd0a6 elementor-widget elementor-widget-edurasectiontitle\" data-id=\"abfd0a6\" data-element_type=\"widget\" data-e-type=\"widget\" data-widget_type=\"edurasectiontitle.default\">\n\t\t\t\t<div class=\"elementor-widget-container\">\n\t\t\t\t\t<div class=\"title-area mb-50\" ><span class=\"sub-title subtitle-selector\"><i class=\"fal fa-book me-2\"><\/i>INVESTIGANDO ASTROLOG\u00cdA<\/span><h2 class=\"sec-title title-selector\">Paulina Lugos<\/h2><\/div>\t\t\t\t<\/div>\n\t\t\t\t<\/div>\n\t\t\t\t<div class=\"elementor-element elementor-element-10708e4 elementor-widget elementor-widget-text-editor\" data-id=\"10708e4\" data-element_type=\"widget\" data-e-type=\"widget\" data-widget_type=\"text-editor.default\">\n\t\t\t\t<div class=\"elementor-widget-container\">\n\t\t\t\t\t\t\t\t\t<p>A partir de una b\u00fasqueda de autoconocimiento, <strong>Paulina Lugos<\/strong> inicia una aventura, hace m\u00e1s de diez a\u00f1os, investigando astrolog\u00eda.<\/p><p>Desde el 2017 comenz\u00f3 a ejercer como astr\u00f3loga dando consultas con doce a\u00f1os de estudio astrol\u00f3gico desde un enfoque psicol\u00f3gico humanista.<\/p><p>Cuenta con una preparaci\u00f3n internacional como astr\u00f3loga y coach. Se form\u00f3 como coach en EFIC, Madrid. Ha estudiado la carrera de astr\u00f3logo internacional en el instituto ISAA Argentina y compementado con posgrados en Cosmograma, Barcelona, y con astr\u00f3logos destacados como Jos\u00e9 Mill\u00e1n y Silvia Neira. Actualmente cursa la licenciatura en psicolog\u00eda en el Instituto Mexicano de la Pareja.:<\/p><p>Desde el inicio de su proyecto de desarrollo personal, ha registrado m\u00e1s de ochocientos consultantes y doscientos alumnos. Colaborando como profesora invitada en ISAA Argentina en Buenos Aires, en Planeaci\u00f3n M\u00edstica y Espacio K\u00e1ndala en M\u00e9xico, impartiendo cursos para diversos sectores.<\/p>\t\t\t\t\t\t\t\t<\/div>\n\t\t\t\t<\/div>\n\t\t\t\t\t<\/div>\n\t\t<\/div>\n\t\t\t\t\t<\/div>\n\t\t<\/section>\n\t\t\t\t\t<\/div>\n\t\t<\/div>\n\t\t\t\t\t<\/div>\n\t\t<\/section>\n\t\t<div class=\"elementor-element elementor-element-0a0f9c8 e-grid e-con-boxed e-con e-parent\" data-id=\"0a0f9c8\" data-element_type=\"container\" data-e-type=\"container\" data-settings=\"{&quot;background_background&quot;:&quot;classic&quot;}\">\n\t\t\t\t\t<div class=\"e-con-inner\">\n\t\t<div class=\"elementor-element elementor-element-8bf58af e-con-full e-flex e-con e-child\" data-id=\"8bf58af\" data-element_type=\"container\" data-e-type=\"container\">\n\t\t\t\t<div class=\"elementor-element elementor-element-a662571 elementor-widget elementor-widget-image\" data-id=\"a662571\" data-element_type=\"widget\" data-e-type=\"widget\" data-widget_type=\"image.default\">\n\t\t\t\t<div class=\"elementor-widget-container\">\n\t\t\t\t\t\t\t\t\t\t\t\t\t\t\t<img fetchpriority=\"high\" decoding=\"async\" width=\"400\" height=\"190\" src=\"https:\/\/paulinalugos.com\/wp-content\/uploads\/2023\/07\/Logotipo-PaulinaLugos_400px.jpg\" class=\"attachment-large size-large wp-image-6436\" alt=\"\" srcset=\"https:\/\/paulinalugos.com\/wp-content\/uploads\/2023\/07\/Logotipo-PaulinaLugos_400px.jpg 400w, https:\/\/paulinalugos.com\/wp-content\/uploads\/2023\/07\/Logotipo-PaulinaLugos_400px-300x143.jpg 300w\" sizes=\"(max-width: 400px) 100vw, 400px\" \/>\t\t\t\t\t\t\t\t\t\t\t\t\t\t\t<\/div>\n\t\t\t\t<\/div>\n\t\t\t\t<\/div>\n\t\t<div class=\"elementor-element elementor-element-aabab4e e-con-full e-flex e-con e-child\" data-id=\"aabab4e\" data-element_type=\"container\" data-e-type=\"container\">\n\t\t\t\t<div class=\"elementor-element elementor-element-8ae6286 elementor-widget elementor-widget-spacer\" data-id=\"8ae6286\" data-element_type=\"widget\" data-e-type=\"widget\" data-widget_type=\"spacer.default\">\n\t\t\t\t<div class=\"elementor-widget-container\">\n\t\t\t\t\t\t\t<div class=\"elementor-spacer\">\n\t\t\t<div class=\"elementor-spacer-inner\"><\/div>\n\t\t<\/div>\n\t\t\t\t\t\t<\/div>\n\t\t\t\t<\/div>\n\t\t\t\t<\/div>\n\t\t\t\t\t<\/div>\n\t\t\t\t<\/div>\n\t\t\t\t<section class=\"elementor-section elementor-top-section elementor-element elementor-element-bc4d4b8 elementor-section-boxed elementor-section-height-default elementor-section-height-default\" data-id=\"bc4d4b8\" data-element_type=\"section\" data-e-type=\"section\" data-settings=\"{&quot;background_background&quot;:&quot;classic&quot;}\">\n\t\t\t\t\t\t<div class=\"elementor-container elementor-column-gap-no\">\n\t\t\t\t\t<div class=\"elementor-column elementor-col-100 elementor-top-column elementor-element elementor-element-ddc2517\" data-id=\"ddc2517\" data-element_type=\"column\" data-e-type=\"column\">\n\t\t\t<div class=\"elementor-widget-wrap elementor-element-populated\">\n\t\t\t\t<div class=\"elementor-element elementor-element-2185ecc e-grid e-con-boxed e-con e-parent\" data-id=\"2185ecc\" data-element_type=\"container\" data-e-type=\"container\">\n\t\t\t\t\t<div class=\"e-con-inner\">\n\t\t<div class=\"elementor-element elementor-element-55ba954 e-con-full e-flex e-con e-child\" data-id=\"55ba954\" data-element_type=\"container\" data-e-type=\"container\">\n\t\t\t\t<div class=\"elementor-element elementor-element-a7b9fe5 elementor-widget elementor-widget-counter\" data-id=\"a7b9fe5\" data-element_type=\"widget\" data-e-type=\"widget\" data-widget_type=\"counter.default\">\n\t\t\t\t<div class=\"elementor-widget-container\">\n\t\t\t\t\t\t\t<div class=\"elementor-counter\">\n\t\t\t<div class=\"elementor-counter-title\">Horas de consulta<\/div>\t\t\t<div class=\"elementor-counter-number-wrapper\">\n\t\t\t\t<span class=\"elementor-counter-number-prefix\">+<\/span>\n\t\t\t\t<span class=\"elementor-counter-number\" data-duration=\"2000\" data-to-value=\"1300\" data-from-value=\"0\" data-delimiter=\",\">0<\/span>\n\t\t\t\t<span class=\"elementor-counter-number-suffix\"><\/span>\n\t\t\t<\/div>\n\t\t<\/div>\n\t\t\t\t\t\t<\/div>\n\t\t\t\t<\/div>\n\t\t\t\t<\/div>\n\t\t<div class=\"elementor-element elementor-element-f12d5f4 e-con-full e-flex e-con e-child\" data-id=\"f12d5f4\" data-element_type=\"container\" data-e-type=\"container\">\n\t\t\t\t<div class=\"elementor-element elementor-element-21f7914 elementor-widget elementor-widget-counter\" data-id=\"21f7914\" data-element_type=\"widget\" data-e-type=\"widget\" data-widget_type=\"counter.default\">\n\t\t\t\t<div class=\"elementor-widget-container\">\n\t\t\t\t\t\t\t<div class=\"elementor-counter\">\n\t\t\t<div class=\"elementor-counter-title\">Alumnos registrados<\/div>\t\t\t<div class=\"elementor-counter-number-wrapper\">\n\t\t\t\t<span class=\"elementor-counter-number-prefix\">+<\/span>\n\t\t\t\t<span class=\"elementor-counter-number\" data-duration=\"2000\" data-to-value=\"1000\" data-from-value=\"0\" data-delimiter=\",\">0<\/span>\n\t\t\t\t<span class=\"elementor-counter-number-suffix\"><\/span>\n\t\t\t<\/div>\n\t\t<\/div>\n\t\t\t\t\t\t<\/div>\n\t\t\t\t<\/div>\n\t\t\t\t<\/div>\n\t\t<div class=\"elementor-element elementor-element-e3aa123 e-con-full e-flex e-con e-child\" data-id=\"e3aa123\" data-element_type=\"container\" data-e-type=\"container\">\n\t\t\t\t<div class=\"elementor-element elementor-element-63a131a elementor-widget elementor-widget-counter\" data-id=\"63a131a\" data-element_type=\"widget\" data-e-type=\"widget\" data-widget_type=\"counter.default\">\n\t\t\t\t<div class=\"elementor-widget-container\">\n\t\t\t\t\t\t\t<div class=\"elementor-counter\">\n\t\t\t<div class=\"elementor-counter-title\">Consultantes satisfechos<\/div>\t\t\t<div class=\"elementor-counter-number-wrapper\">\n\t\t\t\t<span class=\"elementor-counter-number-prefix\">+<\/span>\n\t\t\t\t<span class=\"elementor-counter-number\" data-duration=\"2000\" data-to-value=\"400\" data-from-value=\"0\" data-delimiter=\",\">0<\/span>\n\t\t\t\t<span class=\"elementor-counter-number-suffix\"><\/span>\n\t\t\t<\/div>\n\t\t<\/div>\n\t\t\t\t\t\t<\/div>\n\t\t\t\t<\/div>\n\t\t\t\t<\/div>\n\t\t<div class=\"elementor-element elementor-element-aa4c7ed e-con-full e-flex e-con e-child\" data-id=\"aa4c7ed\" data-element_type=\"container\" data-e-type=\"container\">\n\t\t\t\t<div class=\"elementor-element elementor-element-1b6c1cc elementor-widget elementor-widget-counter\" data-id=\"1b6c1cc\" data-element_type=\"widget\" data-e-type=\"widget\" data-widget_type=\"counter.default\">\n\t\t\t\t<div class=\"elementor-widget-container\">\n\t\t\t\t\t\t\t<div class=\"elementor-counter\">\n\t\t\t<div class=\"elementor-counter-title\">A\u00f1os de experiencia<\/div>\t\t\t<div class=\"elementor-counter-number-wrapper\">\n\t\t\t\t<span class=\"elementor-counter-number-prefix\">+<\/span>\n\t\t\t\t<span class=\"elementor-counter-number\" data-duration=\"2000\" data-to-value=\"13\" data-from-value=\"0\" data-delimiter=\",\">0<\/span>\n\t\t\t\t<span class=\"elementor-counter-number-suffix\"><\/span>\n\t\t\t<\/div>\n\t\t<\/div>\n\t\t\t\t\t\t<\/div>\n\t\t\t\t<\/div>\n\t\t\t\t<\/div>\n\t\t\t\t\t<\/div>\n\t\t\t\t<\/div>\n\t\t\t\t\t<\/div>\n\t\t<\/div>\n\t\t\t\t\t<\/div>\n\t\t<\/section>\n\t\t\t\t<section class=\"elementor-section elementor-top-section elementor-element elementor-element-ebf90a8 elementor-section-boxed elementor-section-height-default elementor-section-height-default\" data-id=\"ebf90a8\" data-element_type=\"section\" data-e-type=\"section\">\n\t\t\t\t\t\t<div class=\"elementor-container elementor-column-gap-no\">\n\t\t\t\t\t<div class=\"elementor-column elementor-col-100 elementor-top-column elementor-element elementor-element-f2db98b\" data-id=\"f2db98b\" data-element_type=\"column\" data-e-type=\"column\">\n\t\t\t<div class=\"elementor-widget-wrap elementor-element-populated\">\n\t\t\t\t\t\t<div class=\"elementor-element elementor-element-c20c2d0 elementor-widget elementor-widget-edurasectiontitle\" data-id=\"c20c2d0\" data-element_type=\"widget\" data-e-type=\"widget\" data-widget_type=\"edurasectiontitle.default\">\n\t\t\t\t<div class=\"elementor-widget-container\">\n\t\t\t\t\t<div class=\"title-area mb-50\" ><span class=\"sub-title subtitle-selector\"><i class=\"fal fa-book me-2\"><\/i>lo que hago <\/span><h2 class=\"sec-title title-selector\">B\u00fasqueda de autoconocimiento<\/h2><\/div>\t\t\t\t<\/div>\n\t\t\t\t<\/div>\n\t\t\t\t<div class=\"elementor-element elementor-element-7013fbc elementor-widget elementor-widget-edurafeature\" data-id=\"7013fbc\" data-element_type=\"widget\" data-e-type=\"widget\" data-widget_type=\"edurafeature.default\">\n\t\t\t\t<div class=\"elementor-widget-container\">\n\t\t\t\t\t<div class=\"row gy-4 justify-content-center\"><div class=\"col-md-6 col-lg-4\"><div class=\"service-card style3\"><div class=\"service-card-content\"><div class=\"service-card-icon\"><img decoding=\"async\" src=\"https:\/\/paulinalugos.com\/wp-content\/uploads\/2024\/07\/icono.png\" alt=\"icono\"  \/><\/div><h3 class=\"box-title th-title\">Astr\u00f3loga<\/h3><p class=\"service-card-text th-desc\">La astrolog\u00eda es el estudio de los movimientos planetarios y su correlaci\u00f3n con los sucesos en la Tierra y el psique de las personas. Te ayudar\u00e1 a darte un panorama m\u00e1s claro de tus talentos, motores, habilidades, dones, formas de relacionarte con el entorno y mucho m\u00e1s para relacionarte contigo de la manera m\u00e1s honesta y congruente.<\/p><\/div><\/div><\/div><div class=\"col-md-6 col-lg-4\"><div class=\"service-card style3\"><div class=\"service-card-content\"><div class=\"service-card-icon\"><img decoding=\"async\" src=\"https:\/\/paulinalugos.com\/wp-content\/uploads\/2024\/07\/icono.png\" alt=\"icono\"  \/><\/div><h3 class=\"box-title th-title\">Coach<\/h3><p class=\"service-card-text th-desc\">El coaching es el acompa\u00f1amiento y disposici\u00f3n de herramientas para llegar de donde est\u00e1s ahorita hacia lo que quieres lograr. El coaching con la astrolog\u00eda te ayuda a generar planes de acci\u00f3n cien por ciento alineados a tu verdadera esencia. Lo mejor es que descubrir\u00e1s todo tu poder creativo y la infinidad de recursos que tienes a tu disposici\u00f3n.<\/p><\/div><\/div><\/div><\/div>\t\t\t\t<\/div>\n\t\t\t\t<\/div>\n\t\t\t\t\t<\/div>\n\t\t<\/div>\n\t\t\t\t\t<\/div>\n\t\t<\/section>\n\t\t\t\t<section class=\"elementor-section elementor-top-section elementor-element elementor-element-53b5c6e elementor-section-full_width elementor-section-height-default elementor-section-height-default\" data-id=\"53b5c6e\" data-element_type=\"section\" data-e-type=\"section\">\n\t\t\t\t\t\t<div class=\"elementor-container elementor-column-gap-no\">\n\t\t\t\t\t<div class=\"elementor-column elementor-col-100 elementor-top-column elementor-element elementor-element-aea2b5d\" data-id=\"aea2b5d\" data-element_type=\"column\" data-e-type=\"column\">\n\t\t\t<div class=\"elementor-widget-wrap elementor-element-populated\">\n\t\t\t\t\t\t<div class=\"elementor-element elementor-element-cbee5aa elementor-widget elementor-widget-eduracta\" data-id=\"cbee5aa\" data-element_type=\"widget\" data-e-type=\"widget\" data-widget_type=\"eduracta.default\">\n\t\t\t\t<div class=\"elementor-widget-container\">\n\t\t\t\t\t<div class=\"cta-area-1\" data-bg-src=\"https:\/\/paulinalugos.com\/wp-content\/uploads\/2024\/07\/Depositphotos_603622008_XL-scaled.jpg\"><div class=\"container\"><div class=\"row align-items-center justify-content-between\"><div class=\"col-lg-8\"><div class=\"cta-wrap title-area mb-0\"><div class=\"cta-icon\"><img decoding=\"async\" src=\"https:\/\/paulinalugos.com\/wp-content\/uploads\/2023\/07\/cta-icon1-2-1.png\" alt=\"icon\"><\/div><div class=\"cta-content\"><h2 class=\"cta-title th-title sec-title\">Cursos en l\u00ednea<\/h2><p class=\"cta-text th-desc\"><\/p><\/div><a href=\"https:\/\/paulinalugos.com\/en\/todosloscursos\/\" class=\"th-btn th_btn style8\">Ver cursos<i class=\"fa-regular fa-arrow-right ms-1\"><\/i><\/a><\/div><\/div><\/div><\/div><div class=\"cta-img-1\" data-overlay=\"title\" data-opacity=\"8\"><img decoding=\"async\" src=\"https:\/\/paulinalugos.com\/wp-content\/uploads\/2024\/07\/counter_714x166px.jpg\" alt=\"Image\"><a href=\"https:\/\/www.youtube.com\/watch?v=MllNZLTPGVY\" class=\"play-btn style2 popup-video\"><i class=\"fa-sharp fa-solid fa-play\"><\/i><\/a><\/div><\/div>\t\t\t\t<\/div>\n\t\t\t\t<\/div>\n\t\t\t\t\t<\/div>\n\t\t<\/div>\n\t\t\t\t\t<\/div>\n\t\t<\/section>\n\t\t\t\t<\/div>","protected":false},"excerpt":{"rendered":"<p>INVESTIGANDO ASTROLOG\u00cdA Paulina Lugos A partir de una b\u00fasqueda de autoconocimiento, Paulina Lugos inicia una aventura, hace m\u00e1s de diez&#8230;<\/p>","protected":false},"author":3,"featured_media":0,"parent":0,"menu_order":0,"comment_status":"closed","ping_status":"closed","template":"template-builder.php","meta":{"footnotes":""},"class_list":["post-388","page","type-page","status-publish","hentry"],"_hostinger_reach_plugin_has_subscription_block":false,"_hostinger_reach_plugin_is_elementor":false,"_links":{"self":[{"href":"https:\/\/paulinalugos.com\/en\/wp-json\/wp\/v2\/pages\/388","targetHints":{"allow":["GET"]}}],"collection":[{"href":"https:\/\/paulinalugos.com\/en\/wp-json\/wp\/v2\/pages"}],"about":[{"href":"https:\/\/paulinalugos.com\/en\/wp-json\/wp\/v2\/types\/page"}],"author":[{"embeddable":true,"href":"https:\/\/paulinalugos.com\/en\/wp-json\/wp\/v2\/users\/3"}],"replies":[{"embeddable":true,"href":"https:\/\/paulinalugos.com\/en\/wp-json\/wp\/v2\/comments?post=388"}],"version-history":[{"count":55,"href":"https:\/\/paulinalugos.com\/en\/wp-json\/wp\/v2\/pages\/388\/revisions"}],"predecessor-version":[{"id":7471,"href":"https:\/\/paulinalugos.com\/en\/wp-json\/wp\/v2\/pages\/388\/revisions\/7471"}],"wp:attachment":[{"href":"https:\/\/paulinalugos.com\/en\/wp-json\/wp\/v2\/media?parent=388"}],"curies":[{"name":"wp","href":"https:\/\/api.w.org\/{rel}","templated":true}]}}