{"id":3,"date":"2024-06-21T17:37:32","date_gmt":"2024-06-21T17:37:32","guid":{"rendered":"https:\/\/paulinalugos.com\/?page_id=3"},"modified":"2026-01-14T14:42:47","modified_gmt":"2026-01-14T20:42:47","slug":"aviso-de-privacidad","status":"publish","type":"page","link":"https:\/\/paulinalugos.com\/en\/aviso-de-privacidad\/","title":{"rendered":"Aviso de Privacidad"},"content":{"rendered":"<div data-elementor-type=\"wp-page\" data-elementor-id=\"3\" class=\"elementor elementor-3\">\n\t\t\t\t<div class=\"elementor-element elementor-element-6b8b7f81 e-flex e-con-boxed e-con e-parent\" data-id=\"6b8b7f81\" data-element_type=\"container\" data-e-type=\"container\">\n\t\t\t\t\t<div class=\"e-con-inner\">\n\t\t\r\n\r\n\t\t<div class=\"elementor-element elementor-element-ddbb5f6 elementor-widget elementor-widget-text-editor\" data-id=\"ddbb5f6\" data-element_type=\"widget\" data-e-type=\"widget\" data-widget_type=\"text-editor.default\">\n\t\t\t\t<div class=\"elementor-widget-container\">\n\t\t\t\t\t\t\t\t\t\n<p data-start=\"510\" data-end=\"825\">PAULINA LUGOS reconoce la importancia de la protecci\u00f3n de los datos personales y pone a disposici\u00f3n de los usuarios el presente Aviso de Privacidad, en cumplimiento con la Ley Federal de Protecci\u00f3n de Datos Personales en Posesi\u00f3n de los Particulares y dem\u00e1s disposiciones aplicables en los Estados Unidos Mexicanos.<\/p>\n<p data-start=\"827\" data-end=\"907\">El uso de este sitio web implica la aceptaci\u00f3n del presente Aviso de Privacidad.<\/p>\n<hr data-start=\"909\" data-end=\"912\" \/>\n<h5 data-start=\"914\" data-end=\"957\">1. Identidad y domicilio del responsable<\/h5>\n<p data-start=\"959\" data-end=\"1158\">PAULINA LUGOS, con domicilio en Naucalpan, Estado de M\u00e9xico, M\u00e9xico, es responsable del tratamiento de los datos personales que se recaben a trav\u00e9s de este sitio web, as\u00ed como de su uso y protecci\u00f3n.<\/p>\n<hr data-start=\"1160\" data-end=\"1163\" \/>\n<h5 data-start=\"1165\" data-end=\"1197\">2. Datos personales recabados<\/h5>\n<p data-start=\"1199\" data-end=\"1269\">Los datos personales que se podr\u00e1n recabar a trav\u00e9s de este sitio son:<\/p>\n<ul data-start=\"1271\" data-end=\"1382\">\n<li data-start=\"1271\" data-end=\"1290\">\n<p data-start=\"1273\" data-end=\"1290\">Nombre completo<\/p>\n<\/li>\n<li data-start=\"1291\" data-end=\"1313\">\n<p data-start=\"1293\" data-end=\"1313\">Correo electr\u00f3nico<\/p>\n<\/li>\n<li data-start=\"1314\" data-end=\"1338\">\n<p data-start=\"1316\" data-end=\"1338\">Tel\u00e9fono de contacto<\/p>\n<\/li>\n<li data-start=\"1339\" data-end=\"1382\">\n<p data-start=\"1341\" data-end=\"1382\">Mensaje enviado a trav\u00e9s de formularios<\/p>\n<\/li>\n<\/ul>\n<p data-start=\"1384\" data-end=\"1425\">No se recaban datos personales sensibles.<\/p>\n<hr data-start=\"1427\" data-end=\"1430\" \/>\n<h5 data-start=\"1432\" data-end=\"1474\">3. Finalidades del tratamiento de datos<\/h5>\n<p data-start=\"1476\" data-end=\"1571\">Los datos personales recabados ser\u00e1n utilizados exclusivamente para las siguientes finalidades:<\/p>\n<ul data-start=\"1573\" data-end=\"1852\">\n<li data-start=\"1573\" data-end=\"1653\">\n<p data-start=\"1575\" data-end=\"1653\">Brindar informaci\u00f3n sobre cursos, talleres y contenidos educativos digitales<\/p>\n<\/li>\n<li data-start=\"1654\" data-end=\"1723\">\n<p data-start=\"1656\" data-end=\"1723\">Procesar pagos y otorgar acceso a contenidos digitales adquiridos<\/p>\n<\/li>\n<li data-start=\"1724\" data-end=\"1769\">\n<p data-start=\"1726\" data-end=\"1769\">Atender solicitudes de contacto y soporte<\/p>\n<\/li>\n<li data-start=\"1770\" data-end=\"1852\">\n<p data-start=\"1772\" data-end=\"1852\">Enviar informaci\u00f3n relacionada con productos educativos previamente adquiridos<\/p>\n<\/li>\n<\/ul>\n<p data-start=\"1854\" data-end=\"1926\">Los datos no ser\u00e1n utilizados para fines distintos a los aqu\u00ed se\u00f1alados.<\/p>\n<hr data-start=\"1928\" data-end=\"1931\" \/>\n<h5 data-start=\"1933\" data-end=\"1981\">4. Protecci\u00f3n y confidencialidad de los datos<\/h5>\n<p data-start=\"1983\" data-end=\"2237\">PAULINA LUGOS se compromete a mantener la confidencialidad de los datos personales y a implementar las medidas de seguridad administrativas, t\u00e9cnicas y f\u00edsicas necesarias para protegerlos contra da\u00f1o, p\u00e9rdida, alteraci\u00f3n, destrucci\u00f3n o uso no autorizado.<\/p>\n<p data-start=\"2239\" data-end=\"2396\">Los datos de pago son procesados por plataformas externas certificadas, por lo que este sitio <strong data-start=\"2333\" data-end=\"2395\">no almacena informaci\u00f3n bancaria ni de tarjetas de cr\u00e9dito<\/strong>.<\/p>\n<hr data-start=\"2398\" data-end=\"2401\" \/>\n<h5 data-start=\"2403\" data-end=\"2422\">5. Derechos ARCO<\/h5>\n<p data-start=\"2424\" data-end=\"2600\">El titular de los datos personales tiene derecho a ejercer sus derechos de Acceso, Rectificaci\u00f3n, Cancelaci\u00f3n u Oposici\u00f3n (Derechos ARCO), conforme a lo establecido por la ley.<\/p>\n<p data-start=\"2602\" data-end=\"2692\">Para ejercer estos derechos, el titular deber\u00e1 enviar una solicitud al correo electr\u00f3nico:<\/p>\n<p data-start=\"2694\" data-end=\"2726\">\ud83d\udce9 <strong data-start=\"2697\" data-end=\"2726\"><a class=\"decorated-link cursor-pointer\" rel=\"noopener\" data-start=\"2699\" data-end=\"2724\">hola@paulinalugos.com<\/a><\/strong><\/p>\n<p data-start=\"2728\" data-end=\"2766\">La solicitud deber\u00e1 contener al menos:<\/p>\n<ul data-start=\"2767\" data-end=\"2879\">\n<li data-start=\"2767\" data-end=\"2789\">\n<p data-start=\"2769\" data-end=\"2789\">Nombre del titular<\/p>\n<\/li>\n<li data-start=\"2790\" data-end=\"2827\">\n<p data-start=\"2792\" data-end=\"2827\">Medio para comunicar la respuesta<\/p>\n<\/li>\n<li data-start=\"2828\" data-end=\"2879\">\n<p data-start=\"2830\" data-end=\"2879\">Descripci\u00f3n clara del derecho que desea ejercer<\/p>\n<\/li>\n<\/ul>\n<hr data-start=\"2881\" data-end=\"2884\" \/>\n<h5 data-start=\"2886\" data-end=\"2929\">6. Modificaciones al aviso de privacidad<\/h5>\n<p data-start=\"2931\" data-end=\"3149\">El presente Aviso de Privacidad puede ser modificado o actualizado en cualquier momento derivado de cambios legales, operativos o del modelo de negocio.<br data-start=\"3083\" data-end=\"3086\" \/>Las modificaciones estar\u00e1n disponibles en este mismo sitio web.<\/p>\n<hr data-start=\"3151\" data-end=\"3154\" \/>\n<p data-start=\"3156\" data-end=\"3186\"><strong data-start=\"3156\" data-end=\"3181\">\u00daltima actualizaci\u00f3n:<\/strong> 2026<\/p>\n\t\t\t\t\t\t\t\t<\/div>\n\t\t\t\t<\/div>\n\t\t\t\t\t<\/div>\n\t\t\t\t<\/div>\n\t\t\t\t<\/div>","protected":false},"excerpt":{"rendered":"<p>PAULINA LUGOS reconoce la importancia de la protecci\u00f3n de los datos personales y pone a disposici\u00f3n de los usuarios el&#8230;<\/p>","protected":false},"author":3,"featured_media":0,"parent":0,"menu_order":0,"comment_status":"closed","ping_status":"closed","template":"","meta":{"footnotes":""},"class_list":["post-3","page","type-page","status-publish","hentry"],"_hostinger_reach_plugin_has_subscription_block":false,"_hostinger_reach_plugin_is_elementor":false,"_links":{"self":[{"href":"https:\/\/paulinalugos.com\/en\/wp-json\/wp\/v2\/pages\/3","targetHints":{"allow":["GET"]}}],"collection":[{"href":"https:\/\/paulinalugos.com\/en\/wp-json\/wp\/v2\/pages"}],"about":[{"href":"https:\/\/paulinalugos.com\/en\/wp-json\/wp\/v2\/types\/page"}],"author":[{"embeddable":true,"href":"https:\/\/paulinalugos.com\/en\/wp-json\/wp\/v2\/users\/3"}],"replies":[{"embeddable":true,"href":"https:\/\/paulinalugos.com\/en\/wp-json\/wp\/v2\/comments?post=3"}],"version-history":[{"count":7,"href":"https:\/\/paulinalugos.com\/en\/wp-json\/wp\/v2\/pages\/3\/revisions"}],"predecessor-version":[{"id":7480,"href":"https:\/\/paulinalugos.com\/en\/wp-json\/wp\/v2\/pages\/3\/revisions\/7480"}],"wp:attachment":[{"href":"https:\/\/paulinalugos.com\/en\/wp-json\/wp\/v2\/media?parent=3"}],"curies":[{"name":"wp","href":"https:\/\/api.w.org\/{rel}","templated":true}]}}